{"id":7108,"date":"2023-05-10T10:15:22","date_gmt":"2023-05-10T10:15:22","guid":{"rendered":"https:\/\/elementor.flake.work\/produkt\/essential-bag-2\/"},"modified":"2023-05-23T08:15:26","modified_gmt":"2023-05-23T08:15:26","slug":"essential-bags","status":"publish","type":"product","link":"https:\/\/elementor.flake.work\/en\/produkt\/essential-bags\/","title":{"rendered":"Essential Bag"},"content":{"rendered":"<p>Dies ist ein Fundus von kleinen Taschen, welche als Brillenetui, Etui f\u00fcr Stifte, als Kosmetikbeutel oder Tasche vielf\u00e4ltiger Art verwendet werden k\u00f6nnen. F\u00fcr ihre Herstellung haben wir das Restmaterial der bagforeveryone Shopperbags verwendet. Jeder &#8220;Essentials Bag&#8221; ist einzigartig und besteht aus einer Zweier- oder Dreierkombi der Farben aus der Shopperbag-Kollektion. Jede Tasche ist eine \u00dcberraschung.<\/p>\n<p><strong>Gr\u00f6sse:<\/strong> 17(h)x9.5(b)cm<\/p>\n<p><strong>Material:<\/strong> Polyester (Wildleder-Look, veganes Leder)<\/p>\n<p class=\"p1\"><span class=\"Apple-converted-space\">Bei spezifischen Pr\u00e4ferenzen f\u00fcr die Farbauswahl, kannst du uns gerne schreiben und wir versuchen dies zu ber\u00fccksichtigen: <\/span><a href=\"mailto:starfish@asterias-starfish.org\"><span class=\"s1\">starfish@asterias-starfish.org<\/span><\/a><\/p>\n","protected":false},"excerpt":{"rendered":"<p>Dies ist ein Fundus von kleinen Taschen, welche als Brillenetui, Etui f\u00fcr Stifte, als Kosmetikbeutel oder Tasche vielf\u00e4ltiger Art verwendet werden k\u00f6nnen. F\u00fcr ihre Herstellung haben wir das Restmaterial der bagforeveryone Shopperbags verwendet. Jeder &#8220;Essentials Bag&#8221; ist einzigartig und besteht aus einer Zweier- oder Dreierkombi der Farben aus der Shopperbag-Kollektion. Jede Tasche ist eine \u00dcberraschung. [&hellip;]<\/p>\n","protected":false},"featured_media":5853,"comment_status":"closed","ping_status":"closed","template":"","meta":[],"product_cat":[136],"product_tag":[],"class_list":["post-7108","product","type-product","status-publish","has-post-thumbnail","hentry","product_cat-essential-bag-en-2"],"_links":{"self":[{"href":"https:\/\/elementor.flake.work\/en\/wp-json\/wp\/v3\/product\/7108","targetHints":{"allow":["GET"]}}],"collection":[{"href":"https:\/\/elementor.flake.work\/en\/wp-json\/wp\/v3\/product"}],"about":[{"href":"https:\/\/elementor.flake.work\/en\/wp-json\/wp\/v2\/types\/product"}],"replies":[{"embeddable":true,"href":"https:\/\/elementor.flake.work\/en\/wp-json\/wp\/v2\/comments?post=7108"}],"wp:featuredmedia":[{"embeddable":true,"href":"https:\/\/elementor.flake.work\/en\/wp-json\/wp\/v2\/media\/5853"}],"wp:attachment":[{"href":"https:\/\/elementor.flake.work\/en\/wp-json\/wp\/v2\/media?parent=7108"}],"wp:term":[{"taxonomy":"product_cat","embeddable":true,"href":"https:\/\/elementor.flake.work\/en\/wp-json\/wp\/v2\/product_cat?post=7108"},{"taxonomy":"product_tag","embeddable":true,"href":"https:\/\/elementor.flake.work\/en\/wp-json\/wp\/v2\/product_tag?post=7108"}],"curies":[{"name":"wp","href":"https:\/\/api.w.org\/{rel}","templated":true}]}}