{"id":6030,"date":"2023-05-02T09:47:38","date_gmt":"2023-05-02T09:47:38","guid":{"rendered":"https:\/\/elementor.flake.work\/blog\/"},"modified":"2023-05-18T10:20:51","modified_gmt":"2023-05-18T10:20:51","slug":"blog","status":"publish","type":"page","link":"https:\/\/elementor.flake.work\/en\/blog\/","title":{"rendered":"Blog"},"content":{"rendered":"\t\t<div data-elementor-type=\"wp-page\" data-elementor-id=\"6030\" class=\"elementor elementor-6030 elementor-3840\">\n\t\t\t\t\t\t\t\t\t<section class=\"elementor-section elementor-top-section elementor-element elementor-element-cd12bed elementor-section-boxed elementor-section-height-default elementor-section-height-default\" data-id=\"cd12bed\" data-element_type=\"section\" data-settings=\"{&quot;background_background&quot;:&quot;classic&quot;}\">\n\t\t\t\t\t\t\t<div class=\"elementor-background-overlay\"><\/div>\n\t\t\t\t\t\t\t<div class=\"elementor-container elementor-column-gap-default\">\n\t\t\t\t\t<div class=\"elementor-column elementor-col-100 elementor-top-column elementor-element elementor-element-73e8d47\" data-id=\"73e8d47\" data-element_type=\"column\">\n\t\t\t<div class=\"elementor-widget-wrap elementor-element-populated\">\n\t\t\t\t\t\t\t\t\t<\/div>\n\t\t<\/div>\n\t\t\t\t\t\t\t<\/div>\n\t\t<\/section>\n\t\t\t\t<section class=\"elementor-section elementor-top-section elementor-element elementor-element-fd3f88a elementor-section-boxed elementor-section-height-default elementor-section-height-default\" data-id=\"fd3f88a\" data-element_type=\"section\">\n\t\t\t\t\t\t<div class=\"elementor-container elementor-column-gap-default\">\n\t\t\t\t\t<div class=\"elementor-column elementor-col-50 elementor-top-column elementor-element elementor-element-ba73eb1\" data-id=\"ba73eb1\" data-element_type=\"column\">\n\t\t\t<div class=\"elementor-widget-wrap elementor-element-populated\">\n\t\t\t\t\t\t\t\t<div class=\"elementor-element elementor-element-1880957 elementor-grid-1 elementor-grid-tablet-2 elementor-grid-mobile-1 elementor-posts--thumbnail-top elementor-widget elementor-widget-posts\" data-id=\"1880957\" data-element_type=\"widget\" data-settings=\"{&quot;classic_columns&quot;:&quot;1&quot;,&quot;classic_columns_tablet&quot;:&quot;2&quot;,&quot;classic_columns_mobile&quot;:&quot;1&quot;,&quot;classic_row_gap&quot;:{&quot;unit&quot;:&quot;px&quot;,&quot;size&quot;:35,&quot;sizes&quot;:[]},&quot;classic_row_gap_tablet&quot;:{&quot;unit&quot;:&quot;px&quot;,&quot;size&quot;:&quot;&quot;,&quot;sizes&quot;:[]},&quot;classic_row_gap_mobile&quot;:{&quot;unit&quot;:&quot;px&quot;,&quot;size&quot;:&quot;&quot;,&quot;sizes&quot;:[]}}\" data-widget_type=\"posts.classic\">\n\t\t\t\t<div class=\"elementor-widget-container\">\n\t\t\t<link rel=\"stylesheet\" href=\"https:\/\/elementor.flake.work\/wp-content\/plugins\/elementor-pro\/assets\/css\/widget-posts.min.css\">\t\t<div class=\"elementor-posts-container elementor-posts elementor-posts--skin-classic elementor-grid\">\n\t\t\t\t<article class=\"elementor-post elementor-grid-item post-1556 post type-post status-publish format-standard hentry category-uncategorized\">\n\t\t\t\t<div class=\"elementor-post__text\">\n\t\t\t\t<h2 class=\"elementor-post__title\">\n\t\t\t<a href=\"https:\/\/elementor.flake.work\/en\/happy-new-year-from-bagforeveryone\/\" >\n\t\t\t\tHappy New Year from bagforeveryone\t\t\t<\/a>\n\t\t<\/h2>\n\t\t\t\t<div class=\"elementor-post__meta-data\">\n\t\t\t\t\t<span class=\"elementor-post-author\">\n\t\t\tOlivia\t\t<\/span>\n\t\t\t\t<span class=\"elementor-post-date\">\n\t\t\tJanuary 6, 2022\t\t<\/span>\n\t\t\t\t<span class=\"elementor-post-avatar\">\n\t\t\tNo Comments\t\t<\/span>\n\t\t\t\t<\/div>\n\t\t\t\t<div class=\"elementor-post__excerpt\">\n\t\t\t<p>We would like to wish all our supporters warm greetings from our team here on Lesvos and in Zurich as the new year beginns. We hope you are all well despite another year full of challenges. Our sewing project had a slow start to the year with the Greek lockdown until June meaning we only had a half a year of classes but, despite this, we have been delighted with the support we have received and our workshop has been busy over the last few months ensuring all your wonderful orders are met. Update on Mavrovouni Camp The end of<\/p>\n\t\t<\/div>\n\t\t\t\t\t<div class=\"elementor-post__read-more-wrapper\">\n\t\t\n\t\t<a class=\"elementor-post__read-more\" href=\"https:\/\/elementor.flake.work\/en\/happy-new-year-from-bagforeveryone\/\" aria-label=\"Read more about Happy New Year from bagforeveryone\" >\n\t\t\tContinue reading \u00bb\t\t<\/a>\n\n\t\t\t\t\t<\/div>\n\t\t\t\t<\/div>\n\t\t\t\t<\/article>\n\t\t\t\t<article class=\"elementor-post elementor-grid-item post-1280 post type-post status-publish format-standard hentry category-unkategorisiert\">\n\t\t\t\t<div class=\"elementor-post__text\">\n\t\t\t\t<h2 class=\"elementor-post__title\">\n\t\t\t<a href=\"https:\/\/elementor.flake.work\/en\/update-mavrovouni-fluechtlingslage\/\" >\n\t\t\t\tUpdate Mavrovouni Fl\u00fcchtlingslage\t\t\t<\/a>\n\t\t<\/h2>\n\t\t\t\t<div class=\"elementor-post__meta-data\">\n\t\t\t\t\t<span class=\"elementor-post-author\">\n\t\t\tOlivia\t\t<\/span>\n\t\t\t\t<span class=\"elementor-post-date\">\n\t\t\tNovember 15, 2021\t\t<\/span>\n\t\t\t\t<span class=\"elementor-post-avatar\">\n\t\t\tNo Comments\t\t<\/span>\n\t\t\t\t<\/div>\n\t\t\t\t<div class=\"elementor-post__excerpt\">\n\t\t\t<p>Nach \u00fcber einem Jahr Freiwilligenarbeit, ist unsere gesch\u00e4tzte Media Managerin, Beth, zur\u00fcck in ihre Heimat gekehrt. Dies ist unter anderem Grund, weshalb wir ein neues Team auf Lesbos gr\u00fcnden. Neu planen wir ein monatliches Update \u00fcber die Situation in Lesbos. Dabei berichten wir \u00fcber politische Entwicklungen sowie die&nbsp; Auswirkung der aktuellen Lage auf die Menschen vor Ort und schaffen einen Einblick in unsere Schneiderei. Es ist beinahe Zeit \u00fcber den November zu sprechen, dennoch m\u00f6chten wir das wichtigste vom letzten Monat festhalten: Nach grosser Hitze folgt Regen Wie in den meisten Fl\u00fcchtlingslager in Europa, gibt es auch im Mavrovouni refugee<\/p>\n\t\t<\/div>\n\t\t\t\t\t<div class=\"elementor-post__read-more-wrapper\">\n\t\t\n\t\t<a class=\"elementor-post__read-more\" href=\"https:\/\/elementor.flake.work\/en\/update-mavrovouni-fluechtlingslage\/\" aria-label=\"Read more about Update Mavrovouni Fl\u00fcchtlingslage\" >\n\t\t\tContinue reading \u00bb\t\t<\/a>\n\n\t\t\t\t\t<\/div>\n\t\t\t\t<\/div>\n\t\t\t\t<\/article>\n\t\t\t\t<article class=\"elementor-post elementor-grid-item post-1294 post type-post status-publish format-standard hentry category-uncategorized\">\n\t\t\t\t<div class=\"elementor-post__text\">\n\t\t\t\t<h2 class=\"elementor-post__title\">\n\t\t\t<a href=\"https:\/\/elementor.flake.work\/en\/update-mavrovouni-refugee-camp\/\" >\n\t\t\t\tUpdate Mavrovouni refugee camp\t\t\t<\/a>\n\t\t<\/h2>\n\t\t\t\t<div class=\"elementor-post__meta-data\">\n\t\t\t\t\t<span class=\"elementor-post-author\">\n\t\t\tOlivia\t\t<\/span>\n\t\t\t\t<span class=\"elementor-post-date\">\n\t\t\tNovember 11, 2021\t\t<\/span>\n\t\t\t\t<span class=\"elementor-post-avatar\">\n\t\t\tNo Comments\t\t<\/span>\n\t\t\t\t<\/div>\n\t\t\t\t<div class=\"elementor-post__excerpt\">\n\t\t\t<p>Since our Media Manager, Beth, finished her six months of much appreciated work and left our team to go back home, we are forming our new team on Lesvos. There will be an update in the upcoming week. This newblog will give a monthly update about the situation in Lesvos, political developments, the effects on the refugees as well as the locals on the island, and also news about the sewery. Because of the named reasons we will give a late update for october, we still think there are lots of stories we want to share: After heat follows a<\/p>\n\t\t<\/div>\n\t\t\t\t\t<div class=\"elementor-post__read-more-wrapper\">\n\t\t\n\t\t<a class=\"elementor-post__read-more\" href=\"https:\/\/elementor.flake.work\/en\/update-mavrovouni-refugee-camp\/\" aria-label=\"Read more about Update Mavrovouni refugee camp\" >\n\t\t\tContinue reading \u00bb\t\t<\/a>\n\n\t\t\t\t\t<\/div>\n\t\t\t\t<\/div>\n\t\t\t\t<\/article>\n\t\t\t\t<article class=\"elementor-post elementor-grid-item post-1266 post type-post status-publish format-standard hentry category-unkategorisiert\">\n\t\t\t\t<div class=\"elementor-post__text\">\n\t\t\t\t<h2 class=\"elementor-post__title\">\n\t\t\t<a href=\"https:\/\/elementor.flake.work\/en\/two-young-afghans-join-our-team\/\" >\n\t\t\t\tTwo young Afghans join our team\t\t\t<\/a>\n\t\t<\/h2>\n\t\t\t\t<div class=\"elementor-post__meta-data\">\n\t\t\t\t\t<span class=\"elementor-post-author\">\n\t\t\tOlivia\t\t<\/span>\n\t\t\t\t<span class=\"elementor-post-date\">\n\t\t\tNovember 10, 2021\t\t<\/span>\n\t\t\t\t<span class=\"elementor-post-avatar\">\n\t\t\tNo Comments\t\t<\/span>\n\t\t\t\t<\/div>\n\t\t\t\t<div class=\"elementor-post__excerpt\">\n\t\t\t<p>Our main goal was to empower the women, those who belong to the most vulnerable groups on the island. Since many refugees bring the skill to sew, this led to a young refugee man suggesting the idea to create bags. Soon after two very talented Ghanaian individuals created our first design and it was at this point we\u00a0 realised that the best thing to do was to open our workshops for everyone, no matter of their sewing experience, sex or background. We are happy to welcome our first male workshop participants: Two Afghans joined our classes.They have worked hard and<\/p>\n\t\t<\/div>\n\t\t\t\t\t<div class=\"elementor-post__read-more-wrapper\">\n\t\t\n\t\t<a class=\"elementor-post__read-more\" href=\"https:\/\/elementor.flake.work\/en\/two-young-afghans-join-our-team\/\" aria-label=\"Read more about Two young Afghans join our team\" >\n\t\t\tContinue reading \u00bb\t\t<\/a>\n\n\t\t\t\t\t<\/div>\n\t\t\t\t<\/div>\n\t\t\t\t<\/article>\n\t\t\t\t<article class=\"elementor-post elementor-grid-item post-1145 post type-post status-publish format-standard hentry category-uncategorized\">\n\t\t\t\t<div class=\"elementor-post__text\">\n\t\t\t\t<h2 class=\"elementor-post__title\">\n\t\t\t<a href=\"https:\/\/elementor.flake.work\/en\/meet-our-sewing-tailors-shine-a-light-on-talent\/\" >\n\t\t\t\tMeet our Sewing Tailors &#8211; &#8216;Shine a light on talent&#8217;\t\t\t<\/a>\n\t\t<\/h2>\n\t\t\t\t<div class=\"elementor-post__meta-data\">\n\t\t\t\t\t<span class=\"elementor-post-author\">\n\t\t\tStefan\t\t<\/span>\n\t\t\t\t<span class=\"elementor-post-date\">\n\t\t\tOctober 25, 2021\t\t<\/span>\n\t\t\t\t<span class=\"elementor-post-avatar\">\n\t\t\tNo Comments\t\t<\/span>\n\t\t\t\t<\/div>\n\t\t\t\t<div class=\"elementor-post__excerpt\">\n\t\t\t<p>Tila and Marzia are our two wonderful sewing tailors who teach the BagforEveryone sewing classes at OpenSpace, the community hub of our partner Starfish Foundation. We are especially pleased to have had classes back up and running for the past few months after lengthy disruptions caused by Covid-19 restrictions which were finally relaxed in June this summer. The classes are on each day from 10am &#8211; 1pm, if you, or someone you know would like to come along please contact Starfish! A big thank you to all the Bagforeveryone supporters &#8211; this project would not be possible without you all.<\/p>\n\t\t<\/div>\n\t\t\t\t\t<div class=\"elementor-post__read-more-wrapper\">\n\t\t\n\t\t<a class=\"elementor-post__read-more\" href=\"https:\/\/elementor.flake.work\/en\/meet-our-sewing-tailors-shine-a-light-on-talent\/\" aria-label=\"Read more about Meet our Sewing Tailors &#8211; &#8216;Shine a light on talent&#8217;\" >\n\t\t\tContinue reading \u00bb\t\t<\/a>\n\n\t\t\t\t\t<\/div>\n\t\t\t\t<\/div>\n\t\t\t\t<\/article>\n\t\t\t\t<article class=\"elementor-post elementor-grid-item post-1121 post type-post status-publish format-standard hentry category-uncategorized\">\n\t\t\t\t<div class=\"elementor-post__text\">\n\t\t\t\t<h2 class=\"elementor-post__title\">\n\t\t\t<a href=\"https:\/\/elementor.flake.work\/en\/greece-heatwave-summer\/\" >\n\t\t\t\tGreece heatwave summer\t\t\t<\/a>\n\t\t<\/h2>\n\t\t\t\t<div class=\"elementor-post__meta-data\">\n\t\t\t\t\t<span class=\"elementor-post-author\">\n\t\t\tStefan\t\t<\/span>\n\t\t\t\t<span class=\"elementor-post-date\">\n\t\t\tSeptember 1, 2021\t\t<\/span>\n\t\t\t\t<span class=\"elementor-post-avatar\">\n\t\t\tNo Comments\t\t<\/span>\n\t\t\t\t<\/div>\n\t\t\t\t<div class=\"elementor-post__excerpt\">\n\t\t\t<p>In August, Greece was experiencing the worst heatwave in over 30 years. Temperatures have soared to over 40 degrees, wildfires have spread across the mainland, and thousands of people living in Greece have had to evacuate their homes. Our thoughts are with the firefighters tackling the blazes, the Greek community, and those living within refugee camps throughout Greece who have faced increased barriers with regards to the impact of this devastating heatwave. Watch&nbsp;@parwanaamiriofficial&nbsp;report about the situation of camps on mainland Greece, where many people have been forced to relocate due to the fires.<\/p>\n\t\t<\/div>\n\t\t\t\t\t<div class=\"elementor-post__read-more-wrapper\">\n\t\t\n\t\t<a class=\"elementor-post__read-more\" href=\"https:\/\/elementor.flake.work\/en\/greece-heatwave-summer\/\" aria-label=\"Read more about Greece heatwave summer\" >\n\t\t\tContinue reading \u00bb\t\t<\/a>\n\n\t\t\t\t\t<\/div>\n\t\t\t\t<\/div>\n\t\t\t\t<\/article>\n\t\t\t\t<\/div>\n\t\t\n\t\t\t\t<\/div>\n\t\t\t\t<\/div>\n\t\t\t\t\t<\/div>\n\t\t<\/div>\n\t\t\t\t<div class=\"elementor-column elementor-col-50 elementor-top-column elementor-element elementor-element-bfb68e6\" data-id=\"bfb68e6\" data-element_type=\"column\">\n\t\t\t<div class=\"elementor-widget-wrap elementor-element-populated\">\n\t\t\t\t\t\t\t\t<section class=\"elementor-section elementor-inner-section elementor-element elementor-element-77378ad elementor-section-boxed elementor-section-height-default elementor-section-height-default\" data-id=\"77378ad\" data-element_type=\"section\">\n\t\t\t\t\t\t<div class=\"elementor-container elementor-column-gap-default\">\n\t\t\t\t\t<div class=\"elementor-column elementor-col-100 elementor-inner-column elementor-element elementor-element-3777279\" data-id=\"3777279\" data-element_type=\"column\">\n\t\t\t<div class=\"elementor-widget-wrap elementor-element-populated\">\n\t\t\t\t\t\t\t\t<div class=\"elementor-element elementor-element-bcc9c5f elementor-widget elementor-widget-heading\" data-id=\"bcc9c5f\" data-element_type=\"widget\" data-widget_type=\"heading.default\">\n\t\t\t\t<div class=\"elementor-widget-container\">\n\t\t\t<style>\/*! elementor - v3.12.2 - 23-04-2023 *\/\n.elementor-heading-title{padding:0;margin:0;line-height:1}.elementor-widget-heading .elementor-heading-title[class*=elementor-size-]>a{color:inherit;font-size:inherit;line-height:inherit}.elementor-widget-heading .elementor-heading-title.elementor-size-small{font-size:15px}.elementor-widget-heading .elementor-heading-title.elementor-size-medium{font-size:19px}.elementor-widget-heading .elementor-heading-title.elementor-size-large{font-size:29px}.elementor-widget-heading .elementor-heading-title.elementor-size-xl{font-size:39px}.elementor-widget-heading .elementor-heading-title.elementor-size-xxl{font-size:59px}<\/style><h3 class=\"elementor-heading-title elementor-size-default\">Instagram Post<\/h3>\t\t<\/div>\n\t\t\t\t<\/div>\n\t\t\t\t<div class=\"elementor-element elementor-element-9359a83 elementor-widget elementor-widget-shortcode\" data-id=\"9359a83\" data-element_type=\"widget\" data-widget_type=\"shortcode.default\">\n\t\t\t\t<div class=\"elementor-widget-container\">\n\t\t\t\t\t<div class=\"elementor-shortcode\">\n<div id=\"sb_instagram\"  class=\"sbi sbi_mob_col_1 sbi_tab_col_2 sbi_col_4 sbi_width_resp\" style=\"padding-bottom: 10px;\" data-feedid=\"sbi_#20\"  data-res=\"auto\" data-cols=\"4\" data-colsmobile=\"1\" data-colstablet=\"2\" data-num=\"20\" data-nummobile=\"20\" data-header-size=\"medium\" data-shortcode-atts=\"{&quot;feed&quot;:&quot;1&quot;}\"  data-postid=\"1121\" data-locatornonce=\"eef717b2c0\" data-options=\"{&quot;grid&quot;:true,&quot;lightboxcomments&quot;:20,&quot;colsmobile&quot;:1,&quot;colstablet&quot;:2}\" data-sbi-flags=\"favorLocal\">\n\n\n    <div id=\"sbi_images\" style=\"padding: 5px;\">\n\t\t    <\/div>\n\n\t<div id=\"sbi_load\" >\n\n\t\n\t\n<\/div>\n\t    <span class=\"sbi_resized_image_data\" data-feed-id=\"sbi_#20\" data-resized=\"[]\">\n\t<\/span>\n\t        <div id=\"sbi_mod_error\">\n            <span>This error message is only visible to WordPress admins<\/span><br \/>\n        <div><strong>Error: Invalid Feed ID.<\/strong><\/div>        <\/div>\n        \n<\/div>\n\n<script type=\"text\/javascript\">var sb_instagram_js_options = {\"font_method\":\"svg\",\"placeholder\":\"https:\\\/\\\/elementor.flake.work\\\/wp-content\\\/plugins\\\/instagram-feed-pro\\\/img\\\/placeholder.png\",\"resized_url\":\"https:\\\/\\\/elementor.flake.work\\\/wp-content\\\/uploads\\\/sb-instagram-feed-images\\\/\",\"br_adjust\":true,\"ajax_url\":\"https:\\\/\\\/elementor.flake.work\\\/wp-admin\\\/admin-ajax.php\"};<\/script><script type='text\/javascript' src='https:\/\/elementor.flake.work\/wp-content\/plugins\/instagram-feed-pro\/js\/sbi-scripts.min.js?ver=6.2.4'><\/script><\/div>\n\t\t\t\t<\/div>\n\t\t\t\t<\/div>\n\t\t\t\t\t<\/div>\n\t\t<\/div>\n\t\t\t\t\t\t\t<\/div>\n\t\t<\/section>\n\t\t\t\t<section class=\"elementor-section elementor-inner-section elementor-element elementor-element-6ca4f85 elementor-section-boxed elementor-section-height-default elementor-section-height-default\" data-id=\"6ca4f85\" data-element_type=\"section\">\n\t\t\t\t\t\t<div class=\"elementor-container elementor-column-gap-default\">\n\t\t\t\t\t<div class=\"elementor-column elementor-col-100 elementor-inner-column elementor-element elementor-element-a7239a4\" data-id=\"a7239a4\" data-element_type=\"column\">\n\t\t\t<div class=\"elementor-widget-wrap elementor-element-populated\">\n\t\t\t\t\t\t\t\t<div class=\"elementor-element elementor-element-c68b519 recent-post elementor-widget elementor-widget-wp-widget-recent-posts\" data-id=\"c68b519\" data-element_type=\"widget\" data-widget_type=\"wp-widget-recent-posts.default\">\n\t\t\t\t<div class=\"elementor-widget-container\">\n\t\t\t\n\t\t\n\t\t<h5>Recent Posts<\/h5>\n\t\t<ul>\n\t\t\t\t\t\t\t\t\t\t\t<li>\n\t\t\t\t\t<a href=\"https:\/\/elementor.flake.work\/en\/happy-new-year-from-bagforeveryone\/\">Happy New Year from bagforeveryone<\/a>\n\t\t\t\t\t\t\t\t\t\t\t<span class=\"post-date\">January 6, 2022<\/span>\n\t\t\t\t\t\t\t\t\t<\/li>\n\t\t\t\t\t\t\t\t\t\t\t<li>\n\t\t\t\t\t<a href=\"https:\/\/elementor.flake.work\/en\/update-mavrovouni-fluechtlingslage\/\">Update Mavrovouni Fl\u00fcchtlingslage<\/a>\n\t\t\t\t\t\t\t\t\t\t\t<span class=\"post-date\">November 15, 2021<\/span>\n\t\t\t\t\t\t\t\t\t<\/li>\n\t\t\t\t\t\t\t\t\t\t\t<li>\n\t\t\t\t\t<a href=\"https:\/\/elementor.flake.work\/en\/update-mavrovouni-refugee-camp\/\">Update Mavrovouni refugee camp<\/a>\n\t\t\t\t\t\t\t\t\t\t\t<span class=\"post-date\">November 11, 2021<\/span>\n\t\t\t\t\t\t\t\t\t<\/li>\n\t\t\t\t\t\t\t\t\t\t\t<li>\n\t\t\t\t\t<a href=\"https:\/\/elementor.flake.work\/en\/two-young-afghans-join-our-team\/\">Two young Afghans join our team<\/a>\n\t\t\t\t\t\t\t\t\t\t\t<span class=\"post-date\">November 10, 2021<\/span>\n\t\t\t\t\t\t\t\t\t<\/li>\n\t\t\t\t\t\t\t\t\t\t\t<li>\n\t\t\t\t\t<a href=\"https:\/\/elementor.flake.work\/en\/meet-our-sewing-tailors-shine-a-light-on-talent\/\">Meet our Sewing Tailors &#8211; &#8216;Shine a light on talent&#8217;<\/a>\n\t\t\t\t\t\t\t\t\t\t\t<span class=\"post-date\">October 25, 2021<\/span>\n\t\t\t\t\t\t\t\t\t<\/li>\n\t\t\t\t\t\t\t\t\t\t\t<li>\n\t\t\t\t\t<a href=\"https:\/\/elementor.flake.work\/en\/greece-heatwave-summer\/\">Greece heatwave summer<\/a>\n\t\t\t\t\t\t\t\t\t\t\t<span class=\"post-date\">September 1, 2021<\/span>\n\t\t\t\t\t\t\t\t\t<\/li>\n\t\t\t\t\t\t\t\t\t\t\t<li>\n\t\t\t\t\t<a href=\"https:\/\/elementor.flake.work\/en\/a-project-for-women\/\">A project for women<\/a>\n\t\t\t\t\t\t\t\t\t\t\t<span class=\"post-date\">January 20, 2020<\/span>\n\t\t\t\t\t\t\t\t\t<\/li>\n\t\t\t\t\t<\/ul>\n\n\t\t\t\t<\/div>\n\t\t\t\t<\/div>\n\t\t\t\t\t<\/div>\n\t\t<\/div>\n\t\t\t\t\t\t\t<\/div>\n\t\t<\/section>\n\t\t\t\t\t<\/div>\n\t\t<\/div>\n\t\t\t\t\t\t\t<\/div>\n\t\t<\/section>\n\t\t\t\t\t\t\t<\/div>\n\t\t","protected":false},"excerpt":{"rendered":"<p>Instagram Post<\/p>\n","protected":false},"author":2,"featured_media":0,"parent":0,"menu_order":0,"comment_status":"closed","ping_status":"closed","template":"","meta":{"footnotes":""},"class_list":["post-6030","page","type-page","status-publish","hentry"],"_links":{"self":[{"href":"https:\/\/elementor.flake.work\/en\/wp-json\/wp\/v2\/pages\/6030","targetHints":{"allow":["GET"]}}],"collection":[{"href":"https:\/\/elementor.flake.work\/en\/wp-json\/wp\/v2\/pages"}],"about":[{"href":"https:\/\/elementor.flake.work\/en\/wp-json\/wp\/v2\/types\/page"}],"author":[{"embeddable":true,"href":"https:\/\/elementor.flake.work\/en\/wp-json\/wp\/v2\/users\/2"}],"replies":[{"embeddable":true,"href":"https:\/\/elementor.flake.work\/en\/wp-json\/wp\/v2\/comments?post=6030"}],"version-history":[{"count":75,"href":"https:\/\/elementor.flake.work\/en\/wp-json\/wp\/v2\/pages\/6030\/revisions"}],"predecessor-version":[{"id":7022,"href":"https:\/\/elementor.flake.work\/en\/wp-json\/wp\/v2\/pages\/6030\/revisions\/7022"}],"wp:attachment":[{"href":"https:\/\/elementor.flake.work\/en\/wp-json\/wp\/v2\/media?parent=6030"}],"curies":[{"name":"wp","href":"https:\/\/api.w.org\/{rel}","templated":true}]}}